{"id":5456,"date":"2019-12-21T14:18:11","date_gmt":"2019-12-21T13:18:11","guid":{"rendered":"https:\/\/duduarnalot.net\/insomni\/"},"modified":"2020-01-28T12:34:08","modified_gmt":"2020-01-28T11:34:08","slug":"insomni","status":"publish","type":"page","link":"https:\/\/duduarnalot.net\/es\/insomni\/","title":{"rendered":"Insomni"},"content":{"rendered":"<section class=\"wpb-content-wrapper\"><p>[vc_row][vc_column]<div class=\"grve-element grve-slogan grve-align-center\" style=\"\"><h2 class=\"grve-slogan-title grve-align-center grve-title-line\"><span>INSOMNI<\/span><\/h2>  <p class=\"\"><\/p><\/div>[vc_column_text text_style=\u00bbsubtitle\u00bb]<strong>Sinopsis:<\/strong><\/p>\n<p>Una plaza con una cama antigua, un payaso preparado para dormir. Ruidos, sorpresas, risas y otras adversidades no le dejar\u00e1n descansar hasta llevarlo al iNSOMNIo. Guiado por sus ingeniosas inventivas conseguir\u00e1 sorprender y dibujar sonrisas. Llev\u00e1ndonos a vivir un viaje po\u00e9tico, on\u00edrico y entra\u00f1able, lleno de situaciones descabelladas y surrealistas. Nueva propuesta del artista Dudu Arnalot. Espect\u00e1culo sin palabras de clown gestual para todos los p\u00fablicos.[\/vc_column_text][\/vc_column][\/vc_row][vc_row section_type=\u00bbfullwidth-element\u00bb][vc_column]<div class=\"grve-element grve-gallery grve-isotope grve-gallery-popup\" style=\"\" data-gutter=\"no\" data-type=\"2-columns\" data-layout=\"masonry\"><div class=\"grve-isotope-container\"><div class=\"grve-isotope-item \"><a href=\"https:\/\/duduarnalot.net\/wp-content\/uploads\/2019\/12\/insomni01ok.jpg\"><figure class=\"grve-image-hover grve-zoom-none\"><div class=\"grve-media grve-dark-overlay grve-opacity-0\"><img loading=\"lazy\" decoding=\"async\" width=\"300\" height=\"197\" src=\"https:\/\/duduarnalot.net\/wp-content\/uploads\/2019\/12\/insomni01ok-300x197.jpg\" class=\"attachment-medium size-medium\" alt=\"\" srcset=\"https:\/\/duduarnalot.net\/wp-content\/uploads\/2019\/12\/insomni01ok-300x197.jpg 300w, https:\/\/duduarnalot.net\/wp-content\/uploads\/2019\/12\/insomni01ok-1030x678.jpg 1030w, https:\/\/duduarnalot.net\/wp-content\/uploads\/2019\/12\/insomni01ok-768x505.jpg 768w, https:\/\/duduarnalot.net\/wp-content\/uploads\/2019\/12\/insomni01ok.jpg 1059w\" sizes=\"auto, (max-width: 300px) 100vw, 300px\" \/><\/div><figcaption><\/figcaption><\/figure><\/a><\/div><div class=\"grve-isotope-item \"><a href=\"https:\/\/duduarnalot.net\/wp-content\/uploads\/2020\/01\/insomni02_2.jpg\"><figure class=\"grve-image-hover grve-zoom-none\"><div class=\"grve-media grve-dark-overlay grve-opacity-0\"><img loading=\"lazy\" decoding=\"async\" width=\"300\" height=\"197\" src=\"https:\/\/duduarnalot.net\/wp-content\/uploads\/2020\/01\/insomni02_2-300x197.jpg\" class=\"attachment-medium size-medium\" alt=\"\" srcset=\"https:\/\/duduarnalot.net\/wp-content\/uploads\/2020\/01\/insomni02_2-300x197.jpg 300w, https:\/\/duduarnalot.net\/wp-content\/uploads\/2020\/01\/insomni02_2-1030x678.jpg 1030w, https:\/\/duduarnalot.net\/wp-content\/uploads\/2020\/01\/insomni02_2-768x505.jpg 768w, https:\/\/duduarnalot.net\/wp-content\/uploads\/2020\/01\/insomni02_2.jpg 1059w\" sizes=\"auto, (max-width: 300px) 100vw, 300px\" \/><\/div><figcaption><\/figcaption><\/figure><\/a><\/div><div class=\"grve-isotope-item \"><a href=\"https:\/\/duduarnalot.net\/wp-content\/uploads\/2020\/01\/insomni03_2.jpg\"><figure class=\"grve-image-hover grve-zoom-none\"><div class=\"grve-media grve-dark-overlay grve-opacity-0\"><img loading=\"lazy\" decoding=\"async\" width=\"300\" height=\"197\" src=\"https:\/\/duduarnalot.net\/wp-content\/uploads\/2020\/01\/insomni03_2-300x197.jpg\" class=\"attachment-medium size-medium\" alt=\"\" srcset=\"https:\/\/duduarnalot.net\/wp-content\/uploads\/2020\/01\/insomni03_2-300x197.jpg 300w, https:\/\/duduarnalot.net\/wp-content\/uploads\/2020\/01\/insomni03_2-1030x678.jpg 1030w, https:\/\/duduarnalot.net\/wp-content\/uploads\/2020\/01\/insomni03_2-768x505.jpg 768w, https:\/\/duduarnalot.net\/wp-content\/uploads\/2020\/01\/insomni03_2.jpg 1059w\" sizes=\"auto, (max-width: 300px) 100vw, 300px\" \/><\/div><figcaption><\/figcaption><\/figure><\/a><\/div><div class=\"grve-isotope-item \"><a href=\"https:\/\/duduarnalot.net\/wp-content\/uploads\/2020\/01\/insomni04_2.jpg\"><figure class=\"grve-image-hover grve-zoom-none\"><div class=\"grve-media grve-dark-overlay grve-opacity-0\"><img loading=\"lazy\" decoding=\"async\" width=\"300\" height=\"197\" src=\"https:\/\/duduarnalot.net\/wp-content\/uploads\/2020\/01\/insomni04_2-300x197.jpg\" class=\"attachment-medium size-medium\" alt=\"\" srcset=\"https:\/\/duduarnalot.net\/wp-content\/uploads\/2020\/01\/insomni04_2-300x197.jpg 300w, https:\/\/duduarnalot.net\/wp-content\/uploads\/2020\/01\/insomni04_2-1030x678.jpg 1030w, https:\/\/duduarnalot.net\/wp-content\/uploads\/2020\/01\/insomni04_2-768x505.jpg 768w, https:\/\/duduarnalot.net\/wp-content\/uploads\/2020\/01\/insomni04_2.jpg 1059w\" sizes=\"auto, (max-width: 300px) 100vw, 300px\" \/><\/div><figcaption><\/figcaption><\/figure><\/a><\/div><\/div><\/div>[\/vc_column][\/vc_row][vc_row][vc_column width=\u00bb1\/3&#8243;][vc_column_text text_style=\u00bbsubtitle\u00bb]Ficha art\u00edstica:<\/p>\n<ul>\n<li>Creaci\u00f3n e Interpretaci\u00f3n: Dudu Arnalot (clown).<\/li>\n<li>Visi\u00f3n externa: Leandre Ribera.<\/li>\n<li>Vestuario: Ruth Delgado Ochoa. Escenograf\u00eda: Dudu Arnalot.<\/li>\n<\/ul>\n<p>[\/vc_column_text][\/vc_column][vc_column width=\u00bb1\/3&#8243;][vc_column_text text_style=\u00bbsubtitle\u00bb]Caracter\u00edsticas:<\/p>\n<ul>\n<li>Espect\u00e1culo de calle para todos los p\u00fablicos.<\/li>\n<li>Duraci\u00f3n del espect\u00e1culo: 45 minutos.<\/li>\n<li>Personas en escena: Dudu Arnalot (clown).<\/li>\n<li>Espect\u00e1culo de clown gestual, sin palabras.<\/li>\n<\/ul>\n<p>[\/vc_column_text][\/vc_column][vc_column width=\u00bb1\/3&#8243;][vc_column_text text_style=\u00bbsubtitle\u00bb]<strong>Descargas:<\/strong><\/p>\n<ul>\n<li><a href=\"https:\/\/duduarnalot.net\/wp-content\/uploads\/2020\/01\/insomni_cast.pdf\" target=\"_blank\" rel=\"noopener noreferrer\">Dosier iNSOMNi<\/a><\/li>\n<li><a href=\"https:\/\/duduarnalot.net\/wp-content\/uploads\/2020\/01\/insomni_01-scaled.jpg\" target=\"_blank\" rel=\"noopener noreferrer\">Foto iNSOMNi 1<\/a><\/li>\n<li><a href=\"https:\/\/duduarnalot.net\/wp-content\/uploads\/2020\/01\/insomni_02.jpg\" target=\"_blank\" rel=\"noopener noreferrer\">Foto iNSOMNi 2<\/a><\/li>\n<li><a href=\"https:\/\/duduarnalot.net\/wp-content\/uploads\/2020\/01\/insomni_03.jpg\" target=\"_blank\" rel=\"noopener noreferrer\">Foto iNSOMNi 3<\/a><\/li>\n<li><a href=\"https:\/\/duduarnalot.net\/wp-content\/uploads\/2020\/01\/insomni_04.jpg\" target=\"_blank\" rel=\"noopener noreferrer\">Foto iNSOMNi 4<\/a><\/li>\n<\/ul>\n<p>[\/vc_column_text][\/vc_column][\/vc_row][vc_row section_type=\u00bbfullwidth-element\u00bb footer_feature=\u00bbyes\u00bb][vc_column]<div class=\"grve-element grve-video\" style=\"\"><iframe loading=\"lazy\" title=\"Dudu Arnalot - Insomni\" width=\"1080\" height=\"608\" src=\"https:\/\/www.youtube.com\/embed\/tG8SgNzQwOk?feature=oembed\" frameborder=\"0\" allow=\"accelerometer; autoplay; encrypted-media; gyroscope; picture-in-picture\" allowfullscreen><\/iframe><\/div>[\/vc_column][\/vc_row]<\/p>\n<\/section>","protected":false},"excerpt":{"rendered":"<p>[vc_row][vc_column][vc_column_text text_style=\u00bbsubtitle\u00bb]Sinopsis: Una plaza con una cama antigua, un payaso preparado para dormir. Ruidos, sorpresas, risas y otras adversidades no le dejar\u00e1n descansar hasta llevarlo al iNSOMNIo. Guiado por sus ingeniosas inventivas conseguir\u00e1 sorprender y dibujar sonrisas. Llev\u00e1ndonos a vivir un viaje po\u00e9tico, on\u00edrico y entra\u00f1able, lleno de situaciones descabelladas y surrealistas. Nueva propuesta del [&hellip;]<\/p>\n","protected":false},"author":1,"featured_media":0,"parent":0,"menu_order":0,"comment_status":"closed","ping_status":"closed","template":"","meta":{"footnotes":""},"class_list":["post-5456","page","type-page","status-publish","hentry"],"yoast_head":"<!-- This site is optimized with the Yoast SEO plugin v27.2 - https:\/\/yoast.com\/product\/yoast-seo-wordpress\/ -->\n<title>Insomni - Dudu Arnalot<\/title>\n<meta name=\"robots\" content=\"index, follow, max-snippet:-1, max-image-preview:large, max-video-preview:-1\" \/>\n<link rel=\"canonical\" href=\"https:\/\/duduarnalot.net\/es\/insomni\/\" \/>\n<meta property=\"og:locale\" content=\"es_ES\" \/>\n<meta property=\"og:type\" content=\"article\" \/>\n<meta property=\"og:title\" content=\"Insomni - Dudu Arnalot\" \/>\n<meta property=\"og:description\" content=\"[vc_row][vc_column][vc_column_text text_style=\u00bbsubtitle\u00bb]Sinopsis: Una plaza con una cama antigua, un payaso preparado para dormir. Ruidos, sorpresas, risas y otras adversidades no le dejar\u00e1n descansar hasta llevarlo al iNSOMNIo. Guiado por sus ingeniosas inventivas conseguir\u00e1 sorprender y dibujar sonrisas. Llev\u00e1ndonos a vivir un viaje po\u00e9tico, on\u00edrico y entra\u00f1able, lleno de situaciones descabelladas y surrealistas. Nueva propuesta del [&hellip;]\" \/>\n<meta property=\"og:url\" content=\"https:\/\/duduarnalot.net\/es\/insomni\/\" \/>\n<meta property=\"og:site_name\" content=\"Dudu Arnalot\" \/>\n<meta property=\"article:modified_time\" content=\"2020-01-28T11:34:08+00:00\" \/>\n<meta name=\"twitter:card\" content=\"summary_large_image\" \/>\n<meta name=\"twitter:label1\" content=\"Tiempo de lectura\" \/>\n\t<meta name=\"twitter:data1\" content=\"1 minuto\" \/>\n<script type=\"application\/ld+json\" class=\"yoast-schema-graph\">{\"@context\":\"https:\/\/schema.org\",\"@graph\":[{\"@type\":\"WebPage\",\"@id\":\"https:\/\/duduarnalot.net\/es\/insomni\/\",\"url\":\"https:\/\/duduarnalot.net\/es\/insomni\/\",\"name\":\"Insomni - Dudu Arnalot\",\"isPartOf\":{\"@id\":\"https:\/\/duduarnalot.net\/es\/#website\"},\"datePublished\":\"2019-12-21T13:18:11+00:00\",\"dateModified\":\"2020-01-28T11:34:08+00:00\",\"breadcrumb\":{\"@id\":\"https:\/\/duduarnalot.net\/es\/insomni\/#breadcrumb\"},\"inLanguage\":\"es\",\"potentialAction\":[{\"@type\":\"ReadAction\",\"target\":[\"https:\/\/duduarnalot.net\/es\/insomni\/\"]}]},{\"@type\":\"BreadcrumbList\",\"@id\":\"https:\/\/duduarnalot.net\/es\/insomni\/#breadcrumb\",\"itemListElement\":[{\"@type\":\"ListItem\",\"position\":1,\"name\":\"Inici\",\"item\":\"https:\/\/duduarnalot.net\/es\/\"},{\"@type\":\"ListItem\",\"position\":2,\"name\":\"Insomni\"}]},{\"@type\":\"WebSite\",\"@id\":\"https:\/\/duduarnalot.net\/es\/#website\",\"url\":\"https:\/\/duduarnalot.net\/es\/\",\"name\":\"Dudu Arnalot\",\"description\":\"Clown gestual\",\"publisher\":{\"@id\":\"https:\/\/duduarnalot.net\/es\/#organization\"},\"potentialAction\":[{\"@type\":\"SearchAction\",\"target\":{\"@type\":\"EntryPoint\",\"urlTemplate\":\"https:\/\/duduarnalot.net\/es\/?s={search_term_string}\"},\"query-input\":{\"@type\":\"PropertyValueSpecification\",\"valueRequired\":true,\"valueName\":\"search_term_string\"}}],\"inLanguage\":\"es\"},{\"@type\":\"Organization\",\"@id\":\"https:\/\/duduarnalot.net\/es\/#organization\",\"name\":\"Dudu Arnalot\",\"url\":\"https:\/\/duduarnalot.net\/es\/\",\"logo\":{\"@type\":\"ImageObject\",\"inLanguage\":\"es\",\"@id\":\"https:\/\/duduarnalot.net\/es\/#\/schema\/logo\/image\/\",\"url\":\"https:\/\/duduarnalot.net\/wp-content\/uploads\/2019\/12\/logo_DUDU_bo@2x.png\",\"contentUrl\":\"https:\/\/duduarnalot.net\/wp-content\/uploads\/2019\/12\/logo_DUDU_bo@2x.png\",\"width\":339,\"height\":80,\"caption\":\"Dudu Arnalot\"},\"image\":{\"@id\":\"https:\/\/duduarnalot.net\/es\/#\/schema\/logo\/image\/\"}}]}<\/script>\n<!-- \/ Yoast SEO plugin. -->","yoast_head_json":{"title":"Insomni - Dudu Arnalot","robots":{"index":"index","follow":"follow","max-snippet":"max-snippet:-1","max-image-preview":"max-image-preview:large","max-video-preview":"max-video-preview:-1"},"canonical":"https:\/\/duduarnalot.net\/es\/insomni\/","og_locale":"es_ES","og_type":"article","og_title":"Insomni - Dudu Arnalot","og_description":"[vc_row][vc_column][vc_column_text text_style=\u00bbsubtitle\u00bb]Sinopsis: Una plaza con una cama antigua, un payaso preparado para dormir. Ruidos, sorpresas, risas y otras adversidades no le dejar\u00e1n descansar hasta llevarlo al iNSOMNIo. Guiado por sus ingeniosas inventivas conseguir\u00e1 sorprender y dibujar sonrisas. Llev\u00e1ndonos a vivir un viaje po\u00e9tico, on\u00edrico y entra\u00f1able, lleno de situaciones descabelladas y surrealistas. Nueva propuesta del [&hellip;]","og_url":"https:\/\/duduarnalot.net\/es\/insomni\/","og_site_name":"Dudu Arnalot","article_modified_time":"2020-01-28T11:34:08+00:00","twitter_card":"summary_large_image","twitter_misc":{"Tiempo de lectura":"1 minuto"},"schema":{"@context":"https:\/\/schema.org","@graph":[{"@type":"WebPage","@id":"https:\/\/duduarnalot.net\/es\/insomni\/","url":"https:\/\/duduarnalot.net\/es\/insomni\/","name":"Insomni - Dudu Arnalot","isPartOf":{"@id":"https:\/\/duduarnalot.net\/es\/#website"},"datePublished":"2019-12-21T13:18:11+00:00","dateModified":"2020-01-28T11:34:08+00:00","breadcrumb":{"@id":"https:\/\/duduarnalot.net\/es\/insomni\/#breadcrumb"},"inLanguage":"es","potentialAction":[{"@type":"ReadAction","target":["https:\/\/duduarnalot.net\/es\/insomni\/"]}]},{"@type":"BreadcrumbList","@id":"https:\/\/duduarnalot.net\/es\/insomni\/#breadcrumb","itemListElement":[{"@type":"ListItem","position":1,"name":"Inici","item":"https:\/\/duduarnalot.net\/es\/"},{"@type":"ListItem","position":2,"name":"Insomni"}]},{"@type":"WebSite","@id":"https:\/\/duduarnalot.net\/es\/#website","url":"https:\/\/duduarnalot.net\/es\/","name":"Dudu Arnalot","description":"Clown gestual","publisher":{"@id":"https:\/\/duduarnalot.net\/es\/#organization"},"potentialAction":[{"@type":"SearchAction","target":{"@type":"EntryPoint","urlTemplate":"https:\/\/duduarnalot.net\/es\/?s={search_term_string}"},"query-input":{"@type":"PropertyValueSpecification","valueRequired":true,"valueName":"search_term_string"}}],"inLanguage":"es"},{"@type":"Organization","@id":"https:\/\/duduarnalot.net\/es\/#organization","name":"Dudu Arnalot","url":"https:\/\/duduarnalot.net\/es\/","logo":{"@type":"ImageObject","inLanguage":"es","@id":"https:\/\/duduarnalot.net\/es\/#\/schema\/logo\/image\/","url":"https:\/\/duduarnalot.net\/wp-content\/uploads\/2019\/12\/logo_DUDU_bo@2x.png","contentUrl":"https:\/\/duduarnalot.net\/wp-content\/uploads\/2019\/12\/logo_DUDU_bo@2x.png","width":339,"height":80,"caption":"Dudu Arnalot"},"image":{"@id":"https:\/\/duduarnalot.net\/es\/#\/schema\/logo\/image\/"}}]}},"_links":{"self":[{"href":"https:\/\/duduarnalot.net\/es\/wp-json\/wp\/v2\/pages\/5456","targetHints":{"allow":["GET"]}}],"collection":[{"href":"https:\/\/duduarnalot.net\/es\/wp-json\/wp\/v2\/pages"}],"about":[{"href":"https:\/\/duduarnalot.net\/es\/wp-json\/wp\/v2\/types\/page"}],"author":[{"embeddable":true,"href":"https:\/\/duduarnalot.net\/es\/wp-json\/wp\/v2\/users\/1"}],"replies":[{"embeddable":true,"href":"https:\/\/duduarnalot.net\/es\/wp-json\/wp\/v2\/comments?post=5456"}],"version-history":[{"count":3,"href":"https:\/\/duduarnalot.net\/es\/wp-json\/wp\/v2\/pages\/5456\/revisions"}],"predecessor-version":[{"id":5611,"href":"https:\/\/duduarnalot.net\/es\/wp-json\/wp\/v2\/pages\/5456\/revisions\/5611"}],"wp:attachment":[{"href":"https:\/\/duduarnalot.net\/es\/wp-json\/wp\/v2\/media?parent=5456"}],"curies":[{"name":"wp","href":"https:\/\/api.w.org\/{rel}","templated":true}]}}