{"id":5460,"date":"2019-12-21T14:33:32","date_gmt":"2019-12-21T13:33:32","guid":{"rendered":"https:\/\/duduarnalot.net\/el-niu\/"},"modified":"2020-01-28T12:52:58","modified_gmt":"2020-01-28T11:52:58","slug":"el-niu","status":"publish","type":"page","link":"https:\/\/duduarnalot.net\/es\/el-niu\/","title":{"rendered":"El n\u00efu"},"content":{"rendered":"<section class=\"wpb-content-wrapper\"><p>[vc_row][vc_column]<div class=\"grve-element grve-slogan grve-align-center\" style=\"\"><h2 class=\"grve-slogan-title grve-align-center grve-title-line\"><span>EL N\u00cfU<\/span><\/h2>  <p class=\"\"><\/p><\/div>[vc_column_text text_style=\u00bbsubtitle\u00bb]<strong>Sinopsis:<\/strong><\/p>\n<p>Un ser enigm\u00e1tico sobre un gran nido de maletas acaba de llegar; no sabemos de d\u00f3nde viene ni hacia donde va y quiz\u00e1s tampoco el lo sabe, pero su presencia no nos dejar\u00e1 indiferentes. Un personaje con alma de p\u00e1jaro que te cautiva por su ingenuidad y perspicacia, que acompa\u00f1ado de sue\u00f1os y m\u00fasicas, transforman la calle en un escenario improvisado y lleno de vida. El Niu es un espect\u00e1culo que se inventa de nuevo por cada calle por donde pasa. Sin palabras, sin reglas, donde el juego constante con el p\u00fablico va dibujando nuevos caminos hacia la imaginaci\u00f3n, donde la sorpresa y la risa cobran vida.[\/vc_column_text][\/vc_column][\/vc_row][vc_row section_type=\u00bbfullwidth-element\u00bb][vc_column]<div class=\"grve-element grve-gallery grve-isotope grve-gallery-popup\" style=\"\" data-gutter=\"no\" data-type=\"2-columns\" data-layout=\"masonry\"><div class=\"grve-isotope-container\"><div class=\"grve-isotope-item \"><a href=\"https:\/\/duduarnalot.net\/wp-content\/uploads\/2019\/12\/elniu_foto01.jpg\"><figure class=\"grve-image-hover grve-zoom-none\"><div class=\"grve-media grve-dark-overlay grve-opacity-0\"><img loading=\"lazy\" decoding=\"async\" width=\"300\" height=\"192\" src=\"https:\/\/duduarnalot.net\/wp-content\/uploads\/2019\/12\/elniu_foto01-300x192.jpg\" class=\"attachment-medium size-medium\" alt=\"\" srcset=\"https:\/\/duduarnalot.net\/wp-content\/uploads\/2019\/12\/elniu_foto01-300x192.jpg 300w, https:\/\/duduarnalot.net\/wp-content\/uploads\/2019\/12\/elniu_foto01-768x491.jpg 768w, https:\/\/duduarnalot.net\/wp-content\/uploads\/2019\/12\/elniu_foto01.jpg 978w\" sizes=\"auto, (max-width: 300px) 100vw, 300px\" \/><\/div><figcaption><\/figcaption><\/figure><\/a><\/div><div class=\"grve-isotope-item \"><a href=\"https:\/\/duduarnalot.net\/wp-content\/uploads\/2019\/12\/elniu_foto02.jpg\"><figure class=\"grve-image-hover grve-zoom-none\"><div class=\"grve-media grve-dark-overlay grve-opacity-0\"><img loading=\"lazy\" decoding=\"async\" width=\"300\" height=\"192\" src=\"https:\/\/duduarnalot.net\/wp-content\/uploads\/2019\/12\/elniu_foto02-300x192.jpg\" class=\"attachment-medium size-medium\" alt=\"\" srcset=\"https:\/\/duduarnalot.net\/wp-content\/uploads\/2019\/12\/elniu_foto02-300x192.jpg 300w, https:\/\/duduarnalot.net\/wp-content\/uploads\/2019\/12\/elniu_foto02-768x491.jpg 768w, https:\/\/duduarnalot.net\/wp-content\/uploads\/2019\/12\/elniu_foto02.jpg 978w\" sizes=\"auto, (max-width: 300px) 100vw, 300px\" \/><\/div><figcaption><\/figcaption><\/figure><\/a><\/div><div class=\"grve-isotope-item \"><a href=\"https:\/\/duduarnalot.net\/wp-content\/uploads\/2019\/12\/elniu_foto03.jpg\"><figure class=\"grve-image-hover grve-zoom-none\"><div class=\"grve-media grve-dark-overlay grve-opacity-0\"><img loading=\"lazy\" decoding=\"async\" width=\"300\" height=\"192\" src=\"https:\/\/duduarnalot.net\/wp-content\/uploads\/2019\/12\/elniu_foto03-300x192.jpg\" class=\"attachment-medium size-medium\" alt=\"\" srcset=\"https:\/\/duduarnalot.net\/wp-content\/uploads\/2019\/12\/elniu_foto03-300x192.jpg 300w, https:\/\/duduarnalot.net\/wp-content\/uploads\/2019\/12\/elniu_foto03-768x491.jpg 768w, https:\/\/duduarnalot.net\/wp-content\/uploads\/2019\/12\/elniu_foto03.jpg 978w\" sizes=\"auto, (max-width: 300px) 100vw, 300px\" \/><\/div><figcaption><\/figcaption><\/figure><\/a><\/div><div class=\"grve-isotope-item \"><a href=\"https:\/\/duduarnalot.net\/wp-content\/uploads\/2019\/12\/elniu_foto04.jpg\"><figure class=\"grve-image-hover grve-zoom-none\"><div class=\"grve-media grve-dark-overlay grve-opacity-0\"><img loading=\"lazy\" decoding=\"async\" width=\"300\" height=\"192\" src=\"https:\/\/duduarnalot.net\/wp-content\/uploads\/2019\/12\/elniu_foto04-300x192.jpg\" class=\"attachment-medium size-medium\" alt=\"\" srcset=\"https:\/\/duduarnalot.net\/wp-content\/uploads\/2019\/12\/elniu_foto04-300x192.jpg 300w, https:\/\/duduarnalot.net\/wp-content\/uploads\/2019\/12\/elniu_foto04-768x491.jpg 768w, https:\/\/duduarnalot.net\/wp-content\/uploads\/2019\/12\/elniu_foto04.jpg 978w\" sizes=\"auto, (max-width: 300px) 100vw, 300px\" \/><\/div><figcaption><\/figcaption><\/figure><\/a><\/div><\/div><\/div>[\/vc_column][\/vc_row][vc_row][vc_column width=\u00bb1\/3&#8243;][vc_column_text text_style=\u00bbsubtitle\u00bb]<strong>Ficha art\u00edstica<\/strong><\/p>\n<ul>\n<li>Int\u00e9rpretes: Dudu Arnalot (Clown)<\/li>\n<li>Mirada externa: Leandre Ribera<\/li>\n<li>Vestuario: Roc\u00edo Franco<\/li>\n<li>Escenografia: Cesar Pazos Recaman.<\/li>\n<\/ul>\n<p>[\/vc_column_text][\/vc_column][vc_column width=\u00bb1\/3&#8243;][vc_column_text text_style=\u00bbsubtitle\u00bb]<strong>Caracter\u00edsticas<\/strong><\/p>\n<ul>\n<li><strong>Idioma: gestual<\/strong><\/li>\n<li><strong>Duraci\u00f3n: 40 m.<\/strong><\/li>\n<li><strong>G\u00e9nero: clown y mimo<\/strong><\/li>\n<li><strong>P\u00fablico: todos<\/strong><\/li>\n<li><strong>Formato: espect\u00e1culo<\/strong><\/li>\n<\/ul>\n<p>[\/vc_column_text][\/vc_column][vc_column width=\u00bb1\/3&#8243;][vc_column_text text_style=\u00bbsubtitle\u00bb]<strong>Descargas:<\/strong><\/p>\n<ul>\n<li><a href=\"https:\/\/duduarnalot.net\/wp-content\/uploads\/2020\/01\/el_niu_esp.pdf\" target=\"_blank\" rel=\"noopener noreferrer\">Dosier EL N\u00cfU<\/a><\/li>\n<li><a href=\"https:\/\/duduarnalot.net\/wp-content\/uploads\/2020\/01\/NIU_01-scaled.jpg\" target=\"_blank\" rel=\"noopener noreferrer\">Foto EL N\u00cfU 1<\/a><\/li>\n<li><a href=\"https:\/\/duduarnalot.net\/wp-content\/uploads\/2020\/01\/NIU_02.jpg\" target=\"_blank\" rel=\"noopener noreferrer\">Foto EL N\u00cfU 2<\/a><\/li>\n<li><a href=\"https:\/\/duduarnalot.net\/wp-content\/uploads\/2020\/01\/NIU_03.jpg\" target=\"_blank\" rel=\"noopener noreferrer\">Foto EL N\u00cfU 3<\/a><\/li>\n<li><a href=\"https:\/\/duduarnalot.net\/wp-content\/uploads\/2020\/01\/NIU_04.jpg\" target=\"_blank\" rel=\"noopener noreferrer\">Foto EL N\u00cfU 4<\/a><\/li>\n<li><a href=\"https:\/\/duduarnalot.net\/wp-content\/uploads\/2020\/01\/NIU_05.jpg\" target=\"_blank\" rel=\"noopener noreferrer\">Foto EL N\u00cfU 5<\/a><\/li>\n<\/ul>\n<p>[\/vc_column_text][\/vc_column][\/vc_row][vc_row section_type=\u00bbfullwidth-element\u00bb footer_feature=\u00bbyes\u00bb][vc_column]<div class=\"grve-element grve-video\" style=\"\"><iframe loading=\"lazy\" title=\"EL NIU DUDU Arnalot &amp; Companyia\" width=\"1080\" height=\"608\" src=\"https:\/\/www.youtube.com\/embed\/IESMHin50zk?feature=oembed\" frameborder=\"0\" allow=\"accelerometer; autoplay; encrypted-media; gyroscope; picture-in-picture\" allowfullscreen><\/iframe><\/div>[\/vc_column][\/vc_row]<\/p>\n<\/section>","protected":false},"excerpt":{"rendered":"<p>[vc_row][vc_column][vc_column_text text_style=\u00bbsubtitle\u00bb]Sinopsis: Un ser enigm\u00e1tico sobre un gran nido de maletas acaba de llegar; no sabemos de d\u00f3nde viene ni hacia donde va y quiz\u00e1s tampoco el lo sabe, pero su presencia no nos dejar\u00e1 indiferentes. Un personaje con alma de p\u00e1jaro que te cautiva por su ingenuidad y perspicacia, que acompa\u00f1ado de sue\u00f1os y [&hellip;]<\/p>\n","protected":false},"author":1,"featured_media":0,"parent":0,"menu_order":0,"comment_status":"closed","ping_status":"closed","template":"","meta":{"footnotes":""},"class_list":["post-5460","page","type-page","status-publish","hentry"],"yoast_head":"<!-- This site is optimized with the Yoast SEO plugin v27.2 - https:\/\/yoast.com\/product\/yoast-seo-wordpress\/ -->\n<title>El n\u00efu - Dudu Arnalot<\/title>\n<meta name=\"robots\" content=\"index, follow, max-snippet:-1, max-image-preview:large, max-video-preview:-1\" \/>\n<link rel=\"canonical\" href=\"https:\/\/duduarnalot.net\/es\/el-niu\/\" \/>\n<meta property=\"og:locale\" content=\"es_ES\" \/>\n<meta property=\"og:type\" content=\"article\" \/>\n<meta property=\"og:title\" content=\"El n\u00efu - Dudu Arnalot\" \/>\n<meta property=\"og:description\" content=\"[vc_row][vc_column][vc_column_text text_style=\u00bbsubtitle\u00bb]Sinopsis: Un ser enigm\u00e1tico sobre un gran nido de maletas acaba de llegar; no sabemos de d\u00f3nde viene ni hacia donde va y quiz\u00e1s tampoco el lo sabe, pero su presencia no nos dejar\u00e1 indiferentes. Un personaje con alma de p\u00e1jaro que te cautiva por su ingenuidad y perspicacia, que acompa\u00f1ado de sue\u00f1os y [&hellip;]\" \/>\n<meta property=\"og:url\" content=\"https:\/\/duduarnalot.net\/es\/el-niu\/\" \/>\n<meta property=\"og:site_name\" content=\"Dudu Arnalot\" \/>\n<meta property=\"article:modified_time\" content=\"2020-01-28T11:52:58+00:00\" \/>\n<meta name=\"twitter:card\" content=\"summary_large_image\" \/>\n<meta name=\"twitter:label1\" content=\"Tiempo de lectura\" \/>\n\t<meta name=\"twitter:data1\" content=\"2 minutos\" \/>\n<script type=\"application\/ld+json\" class=\"yoast-schema-graph\">{\"@context\":\"https:\/\/schema.org\",\"@graph\":[{\"@type\":\"WebPage\",\"@id\":\"https:\/\/duduarnalot.net\/es\/el-niu\/\",\"url\":\"https:\/\/duduarnalot.net\/es\/el-niu\/\",\"name\":\"El n\u00efu - Dudu Arnalot\",\"isPartOf\":{\"@id\":\"https:\/\/duduarnalot.net\/es\/#website\"},\"datePublished\":\"2019-12-21T13:33:32+00:00\",\"dateModified\":\"2020-01-28T11:52:58+00:00\",\"breadcrumb\":{\"@id\":\"https:\/\/duduarnalot.net\/es\/el-niu\/#breadcrumb\"},\"inLanguage\":\"es\",\"potentialAction\":[{\"@type\":\"ReadAction\",\"target\":[\"https:\/\/duduarnalot.net\/es\/el-niu\/\"]}]},{\"@type\":\"BreadcrumbList\",\"@id\":\"https:\/\/duduarnalot.net\/es\/el-niu\/#breadcrumb\",\"itemListElement\":[{\"@type\":\"ListItem\",\"position\":1,\"name\":\"Inici\",\"item\":\"https:\/\/duduarnalot.net\/es\/\"},{\"@type\":\"ListItem\",\"position\":2,\"name\":\"El n\u00efu\"}]},{\"@type\":\"WebSite\",\"@id\":\"https:\/\/duduarnalot.net\/es\/#website\",\"url\":\"https:\/\/duduarnalot.net\/es\/\",\"name\":\"Dudu Arnalot\",\"description\":\"Clown gestual\",\"publisher\":{\"@id\":\"https:\/\/duduarnalot.net\/es\/#organization\"},\"potentialAction\":[{\"@type\":\"SearchAction\",\"target\":{\"@type\":\"EntryPoint\",\"urlTemplate\":\"https:\/\/duduarnalot.net\/es\/?s={search_term_string}\"},\"query-input\":{\"@type\":\"PropertyValueSpecification\",\"valueRequired\":true,\"valueName\":\"search_term_string\"}}],\"inLanguage\":\"es\"},{\"@type\":\"Organization\",\"@id\":\"https:\/\/duduarnalot.net\/es\/#organization\",\"name\":\"Dudu Arnalot\",\"url\":\"https:\/\/duduarnalot.net\/es\/\",\"logo\":{\"@type\":\"ImageObject\",\"inLanguage\":\"es\",\"@id\":\"https:\/\/duduarnalot.net\/es\/#\/schema\/logo\/image\/\",\"url\":\"https:\/\/duduarnalot.net\/wp-content\/uploads\/2019\/12\/logo_DUDU_bo@2x.png\",\"contentUrl\":\"https:\/\/duduarnalot.net\/wp-content\/uploads\/2019\/12\/logo_DUDU_bo@2x.png\",\"width\":339,\"height\":80,\"caption\":\"Dudu Arnalot\"},\"image\":{\"@id\":\"https:\/\/duduarnalot.net\/es\/#\/schema\/logo\/image\/\"}}]}<\/script>\n<!-- \/ Yoast SEO plugin. -->","yoast_head_json":{"title":"El n\u00efu - Dudu Arnalot","robots":{"index":"index","follow":"follow","max-snippet":"max-snippet:-1","max-image-preview":"max-image-preview:large","max-video-preview":"max-video-preview:-1"},"canonical":"https:\/\/duduarnalot.net\/es\/el-niu\/","og_locale":"es_ES","og_type":"article","og_title":"El n\u00efu - Dudu Arnalot","og_description":"[vc_row][vc_column][vc_column_text text_style=\u00bbsubtitle\u00bb]Sinopsis: Un ser enigm\u00e1tico sobre un gran nido de maletas acaba de llegar; no sabemos de d\u00f3nde viene ni hacia donde va y quiz\u00e1s tampoco el lo sabe, pero su presencia no nos dejar\u00e1 indiferentes. Un personaje con alma de p\u00e1jaro que te cautiva por su ingenuidad y perspicacia, que acompa\u00f1ado de sue\u00f1os y [&hellip;]","og_url":"https:\/\/duduarnalot.net\/es\/el-niu\/","og_site_name":"Dudu Arnalot","article_modified_time":"2020-01-28T11:52:58+00:00","twitter_card":"summary_large_image","twitter_misc":{"Tiempo de lectura":"2 minutos"},"schema":{"@context":"https:\/\/schema.org","@graph":[{"@type":"WebPage","@id":"https:\/\/duduarnalot.net\/es\/el-niu\/","url":"https:\/\/duduarnalot.net\/es\/el-niu\/","name":"El n\u00efu - Dudu Arnalot","isPartOf":{"@id":"https:\/\/duduarnalot.net\/es\/#website"},"datePublished":"2019-12-21T13:33:32+00:00","dateModified":"2020-01-28T11:52:58+00:00","breadcrumb":{"@id":"https:\/\/duduarnalot.net\/es\/el-niu\/#breadcrumb"},"inLanguage":"es","potentialAction":[{"@type":"ReadAction","target":["https:\/\/duduarnalot.net\/es\/el-niu\/"]}]},{"@type":"BreadcrumbList","@id":"https:\/\/duduarnalot.net\/es\/el-niu\/#breadcrumb","itemListElement":[{"@type":"ListItem","position":1,"name":"Inici","item":"https:\/\/duduarnalot.net\/es\/"},{"@type":"ListItem","position":2,"name":"El n\u00efu"}]},{"@type":"WebSite","@id":"https:\/\/duduarnalot.net\/es\/#website","url":"https:\/\/duduarnalot.net\/es\/","name":"Dudu Arnalot","description":"Clown gestual","publisher":{"@id":"https:\/\/duduarnalot.net\/es\/#organization"},"potentialAction":[{"@type":"SearchAction","target":{"@type":"EntryPoint","urlTemplate":"https:\/\/duduarnalot.net\/es\/?s={search_term_string}"},"query-input":{"@type":"PropertyValueSpecification","valueRequired":true,"valueName":"search_term_string"}}],"inLanguage":"es"},{"@type":"Organization","@id":"https:\/\/duduarnalot.net\/es\/#organization","name":"Dudu Arnalot","url":"https:\/\/duduarnalot.net\/es\/","logo":{"@type":"ImageObject","inLanguage":"es","@id":"https:\/\/duduarnalot.net\/es\/#\/schema\/logo\/image\/","url":"https:\/\/duduarnalot.net\/wp-content\/uploads\/2019\/12\/logo_DUDU_bo@2x.png","contentUrl":"https:\/\/duduarnalot.net\/wp-content\/uploads\/2019\/12\/logo_DUDU_bo@2x.png","width":339,"height":80,"caption":"Dudu Arnalot"},"image":{"@id":"https:\/\/duduarnalot.net\/es\/#\/schema\/logo\/image\/"}}]}},"_links":{"self":[{"href":"https:\/\/duduarnalot.net\/es\/wp-json\/wp\/v2\/pages\/5460","targetHints":{"allow":["GET"]}}],"collection":[{"href":"https:\/\/duduarnalot.net\/es\/wp-json\/wp\/v2\/pages"}],"about":[{"href":"https:\/\/duduarnalot.net\/es\/wp-json\/wp\/v2\/types\/page"}],"author":[{"embeddable":true,"href":"https:\/\/duduarnalot.net\/es\/wp-json\/wp\/v2\/users\/1"}],"replies":[{"embeddable":true,"href":"https:\/\/duduarnalot.net\/es\/wp-json\/wp\/v2\/comments?post=5460"}],"version-history":[{"count":3,"href":"https:\/\/duduarnalot.net\/es\/wp-json\/wp\/v2\/pages\/5460\/revisions"}],"predecessor-version":[{"id":5638,"href":"https:\/\/duduarnalot.net\/es\/wp-json\/wp\/v2\/pages\/5460\/revisions\/5638"}],"wp:attachment":[{"href":"https:\/\/duduarnalot.net\/es\/wp-json\/wp\/v2\/media?parent=5460"}],"curies":[{"name":"wp","href":"https:\/\/api.w.org\/{rel}","templated":true}]}}