{"id":5464,"date":"2019-12-21T14:35:57","date_gmt":"2019-12-21T13:35:57","guid":{"rendered":"https:\/\/duduarnalot.net\/agenda\/"},"modified":"2023-03-16T19:48:43","modified_gmt":"2023-03-16T18:48:43","slug":"bio","status":"publish","type":"page","link":"https:\/\/duduarnalot.net\/es\/bio\/","title":{"rendered":"Bio"},"content":{"rendered":"<section class=\"wpb-content-wrapper\"><p>[vc_row][vc_column]<div class=\"grve-element grve-slogan grve-align-center\" style=\"\"><h2 class=\"grve-slogan-title grve-align-center grve-title-line\"><span>BIO<\/span><\/h2>  <p class=\"grve-subtitle\"><\/p><\/div>[vc_column_text text_style=\u00bbsubtitle\u00bb]Eduard Arnalot, Dudu, empieza a hacer el payaso de manera natural ya desde bien peque\u00f1o. As\u00ed que m\u00e1s tarde, para dar forma a su inventiva, asiste a cursos de clown y mimo de diferentes profesionales de la escena como Eric de Bont, John Davidson, Moshe Cohen, Johnny Melville o David Gol, entre otros.<\/p>\n<p>A partir del a\u00f1o 1995 trabaja como clown y actor para diferentes montajes con compa\u00f1\u00edas de teatro, clown y circo (Cous Cous Clown, Disc\u00edpulos de Morales, La Fura dels Baus, Sarruga, Ess\u00e8ncia de Nit, Unicornis,\u2026).<\/p>\n<p>En 2005 estrena su primer montaje individual, <em>Dudadas<\/em>, espect\u00e1culo de clown gestual con el que gira por numerosos teatros de Espa\u00f1a y del extranjero.<\/p>\n<p>En 2010 estrena <em>Calma<\/em>, espect\u00e1culo de sala, que representa b\u00e1sicamente ese a\u00f1o porque en 2011 es llamado para formar parte como clown (Purple Clown) en el espect\u00e1culo Alegr\u00eda del Cirque du Soleil, con el que gira por toda Europa durante dos temporadas.<\/p>\n<p>En 2013 regresa con su espect\u00e1culo de calle <em>El n\u00efu<\/em>, que presenta en la Pen\u00ednsula, en las Islas y\u00a0 en el extranjero (Francia, Rusia, Israel, Italia, Holanda, B\u00e9lgica, Portugal, Inglaterra,\u2026).<\/p>\n<p>En 2017 crea el espect\u00e1culo <em>Insomni<\/em>, con el que est\u00e1 girando hasta el d\u00eda de hoy.<\/p>\n<p>En 2019 realiza la visi\u00f3n externa del espect\u00e1culo <em>El gran final<\/em>, de Buca\u00e1 Circus.<\/p>\n<p>Toda esta experiencia profesional le ha ido compaginando a lo largo de los a\u00f1os con diferentes voluntariados payasiles en las ONG Contaminando sonrisas y Payasos Sin Fronteras.[\/vc_column_text][\/vc_column][\/vc_row]<\/p>\n<\/section>","protected":false},"excerpt":{"rendered":"<p>[vc_row][vc_column][vc_column_text text_style=\u00bbsubtitle\u00bb]Eduard Arnalot, Dudu, empieza a hacer el payaso de manera natural ya desde bien peque\u00f1o. As\u00ed que m\u00e1s tarde, para dar forma a su inventiva, asiste a cursos de clown y mimo de diferentes profesionales de la escena como Eric de Bont, John Davidson, Moshe Cohen, Johnny Melville o David Gol, entre otros. A [&hellip;]<\/p>\n","protected":false},"author":1,"featured_media":0,"parent":0,"menu_order":0,"comment_status":"closed","ping_status":"closed","template":"","meta":{"footnotes":""},"class_list":["post-5464","page","type-page","status-publish","hentry"],"yoast_head":"<!-- This site is optimized with the Yoast SEO plugin v27.2 - https:\/\/yoast.com\/product\/yoast-seo-wordpress\/ -->\n<title>Bio - Dudu Arnalot<\/title>\n<meta name=\"robots\" content=\"index, follow, max-snippet:-1, max-image-preview:large, max-video-preview:-1\" \/>\n<link rel=\"canonical\" href=\"https:\/\/duduarnalot.net\/es\/bio\/\" \/>\n<meta property=\"og:locale\" content=\"es_ES\" \/>\n<meta property=\"og:type\" content=\"article\" \/>\n<meta property=\"og:title\" content=\"Bio - Dudu Arnalot\" \/>\n<meta property=\"og:description\" content=\"[vc_row][vc_column][vc_column_text text_style=\u00bbsubtitle\u00bb]Eduard Arnalot, Dudu, empieza a hacer el payaso de manera natural ya desde bien peque\u00f1o. As\u00ed que m\u00e1s tarde, para dar forma a su inventiva, asiste a cursos de clown y mimo de diferentes profesionales de la escena como Eric de Bont, John Davidson, Moshe Cohen, Johnny Melville o David Gol, entre otros. A [&hellip;]\" \/>\n<meta property=\"og:url\" content=\"https:\/\/duduarnalot.net\/es\/bio\/\" \/>\n<meta property=\"og:site_name\" content=\"Dudu Arnalot\" \/>\n<meta property=\"article:modified_time\" content=\"2023-03-16T18:48:43+00:00\" \/>\n<meta name=\"twitter:card\" content=\"summary_large_image\" \/>\n<meta name=\"twitter:label1\" content=\"Tiempo de lectura\" \/>\n\t<meta name=\"twitter:data1\" content=\"2 minutos\" \/>\n<script type=\"application\/ld+json\" class=\"yoast-schema-graph\">{\"@context\":\"https:\/\/schema.org\",\"@graph\":[{\"@type\":\"WebPage\",\"@id\":\"https:\/\/duduarnalot.net\/es\/bio\/\",\"url\":\"https:\/\/duduarnalot.net\/es\/bio\/\",\"name\":\"Bio - Dudu Arnalot\",\"isPartOf\":{\"@id\":\"https:\/\/duduarnalot.net\/es\/#website\"},\"datePublished\":\"2019-12-21T13:35:57+00:00\",\"dateModified\":\"2023-03-16T18:48:43+00:00\",\"breadcrumb\":{\"@id\":\"https:\/\/duduarnalot.net\/es\/bio\/#breadcrumb\"},\"inLanguage\":\"es\",\"potentialAction\":[{\"@type\":\"ReadAction\",\"target\":[\"https:\/\/duduarnalot.net\/es\/bio\/\"]}]},{\"@type\":\"BreadcrumbList\",\"@id\":\"https:\/\/duduarnalot.net\/es\/bio\/#breadcrumb\",\"itemListElement\":[{\"@type\":\"ListItem\",\"position\":1,\"name\":\"Inici\",\"item\":\"https:\/\/duduarnalot.net\/es\/\"},{\"@type\":\"ListItem\",\"position\":2,\"name\":\"Bio\"}]},{\"@type\":\"WebSite\",\"@id\":\"https:\/\/duduarnalot.net\/es\/#website\",\"url\":\"https:\/\/duduarnalot.net\/es\/\",\"name\":\"Dudu Arnalot\",\"description\":\"Clown gestual\",\"publisher\":{\"@id\":\"https:\/\/duduarnalot.net\/es\/#organization\"},\"potentialAction\":[{\"@type\":\"SearchAction\",\"target\":{\"@type\":\"EntryPoint\",\"urlTemplate\":\"https:\/\/duduarnalot.net\/es\/?s={search_term_string}\"},\"query-input\":{\"@type\":\"PropertyValueSpecification\",\"valueRequired\":true,\"valueName\":\"search_term_string\"}}],\"inLanguage\":\"es\"},{\"@type\":\"Organization\",\"@id\":\"https:\/\/duduarnalot.net\/es\/#organization\",\"name\":\"Dudu Arnalot\",\"url\":\"https:\/\/duduarnalot.net\/es\/\",\"logo\":{\"@type\":\"ImageObject\",\"inLanguage\":\"es\",\"@id\":\"https:\/\/duduarnalot.net\/es\/#\/schema\/logo\/image\/\",\"url\":\"https:\/\/duduarnalot.net\/wp-content\/uploads\/2019\/12\/logo_DUDU_bo@2x.png\",\"contentUrl\":\"https:\/\/duduarnalot.net\/wp-content\/uploads\/2019\/12\/logo_DUDU_bo@2x.png\",\"width\":339,\"height\":80,\"caption\":\"Dudu Arnalot\"},\"image\":{\"@id\":\"https:\/\/duduarnalot.net\/es\/#\/schema\/logo\/image\/\"}}]}<\/script>\n<!-- \/ Yoast SEO plugin. -->","yoast_head_json":{"title":"Bio - Dudu Arnalot","robots":{"index":"index","follow":"follow","max-snippet":"max-snippet:-1","max-image-preview":"max-image-preview:large","max-video-preview":"max-video-preview:-1"},"canonical":"https:\/\/duduarnalot.net\/es\/bio\/","og_locale":"es_ES","og_type":"article","og_title":"Bio - Dudu Arnalot","og_description":"[vc_row][vc_column][vc_column_text text_style=\u00bbsubtitle\u00bb]Eduard Arnalot, Dudu, empieza a hacer el payaso de manera natural ya desde bien peque\u00f1o. As\u00ed que m\u00e1s tarde, para dar forma a su inventiva, asiste a cursos de clown y mimo de diferentes profesionales de la escena como Eric de Bont, John Davidson, Moshe Cohen, Johnny Melville o David Gol, entre otros. A [&hellip;]","og_url":"https:\/\/duduarnalot.net\/es\/bio\/","og_site_name":"Dudu Arnalot","article_modified_time":"2023-03-16T18:48:43+00:00","twitter_card":"summary_large_image","twitter_misc":{"Tiempo de lectura":"2 minutos"},"schema":{"@context":"https:\/\/schema.org","@graph":[{"@type":"WebPage","@id":"https:\/\/duduarnalot.net\/es\/bio\/","url":"https:\/\/duduarnalot.net\/es\/bio\/","name":"Bio - Dudu Arnalot","isPartOf":{"@id":"https:\/\/duduarnalot.net\/es\/#website"},"datePublished":"2019-12-21T13:35:57+00:00","dateModified":"2023-03-16T18:48:43+00:00","breadcrumb":{"@id":"https:\/\/duduarnalot.net\/es\/bio\/#breadcrumb"},"inLanguage":"es","potentialAction":[{"@type":"ReadAction","target":["https:\/\/duduarnalot.net\/es\/bio\/"]}]},{"@type":"BreadcrumbList","@id":"https:\/\/duduarnalot.net\/es\/bio\/#breadcrumb","itemListElement":[{"@type":"ListItem","position":1,"name":"Inici","item":"https:\/\/duduarnalot.net\/es\/"},{"@type":"ListItem","position":2,"name":"Bio"}]},{"@type":"WebSite","@id":"https:\/\/duduarnalot.net\/es\/#website","url":"https:\/\/duduarnalot.net\/es\/","name":"Dudu Arnalot","description":"Clown gestual","publisher":{"@id":"https:\/\/duduarnalot.net\/es\/#organization"},"potentialAction":[{"@type":"SearchAction","target":{"@type":"EntryPoint","urlTemplate":"https:\/\/duduarnalot.net\/es\/?s={search_term_string}"},"query-input":{"@type":"PropertyValueSpecification","valueRequired":true,"valueName":"search_term_string"}}],"inLanguage":"es"},{"@type":"Organization","@id":"https:\/\/duduarnalot.net\/es\/#organization","name":"Dudu Arnalot","url":"https:\/\/duduarnalot.net\/es\/","logo":{"@type":"ImageObject","inLanguage":"es","@id":"https:\/\/duduarnalot.net\/es\/#\/schema\/logo\/image\/","url":"https:\/\/duduarnalot.net\/wp-content\/uploads\/2019\/12\/logo_DUDU_bo@2x.png","contentUrl":"https:\/\/duduarnalot.net\/wp-content\/uploads\/2019\/12\/logo_DUDU_bo@2x.png","width":339,"height":80,"caption":"Dudu Arnalot"},"image":{"@id":"https:\/\/duduarnalot.net\/es\/#\/schema\/logo\/image\/"}}]}},"_links":{"self":[{"href":"https:\/\/duduarnalot.net\/es\/wp-json\/wp\/v2\/pages\/5464","targetHints":{"allow":["GET"]}}],"collection":[{"href":"https:\/\/duduarnalot.net\/es\/wp-json\/wp\/v2\/pages"}],"about":[{"href":"https:\/\/duduarnalot.net\/es\/wp-json\/wp\/v2\/types\/page"}],"author":[{"embeddable":true,"href":"https:\/\/duduarnalot.net\/es\/wp-json\/wp\/v2\/users\/1"}],"replies":[{"embeddable":true,"href":"https:\/\/duduarnalot.net\/es\/wp-json\/wp\/v2\/comments?post=5464"}],"version-history":[{"count":7,"href":"https:\/\/duduarnalot.net\/es\/wp-json\/wp\/v2\/pages\/5464\/revisions"}],"predecessor-version":[{"id":5745,"href":"https:\/\/duduarnalot.net\/es\/wp-json\/wp\/v2\/pages\/5464\/revisions\/5745"}],"wp:attachment":[{"href":"https:\/\/duduarnalot.net\/es\/wp-json\/wp\/v2\/media?parent=5464"}],"curies":[{"name":"wp","href":"https:\/\/api.w.org\/{rel}","templated":true}]}}