{"id":5790,"date":"2025-02-25T19:58:07","date_gmt":"2025-02-25T18:58:07","guid":{"rendered":"https:\/\/duduarnalot.net\/forat\/"},"modified":"2026-04-07T10:22:09","modified_gmt":"2026-04-07T09:22:09","slug":"forat","status":"publish","type":"page","link":"https:\/\/duduarnalot.net\/es\/forat\/","title":{"rendered":"FORAT"},"content":{"rendered":"<section class=\"wpb-content-wrapper\"><p>[vc_row][vc_column]<div class=\"grve-element grve-slogan grve-align-center\" style=\"\"><h2 class=\"grve-slogan-title grve-align-center grve-title-line\"><span>FORAT<\/span><\/h2>  <p class=\"\"><\/p><\/div>[vc_column_text text_style=\u00bbsubtitle\u00bb]<br \/>\nSi en el bolsillo de un pantal\u00f3n pones una piedra, si vuelves a poner la mano al cabo de un tiempo, encontrar\u00e1s una piedra. Pero un bolsillo con un agujero\u2026 \u00a1esto ya es otra cosa!<\/p>\n<p>Un espect\u00e1culo de clown gestual con teatro con m\u00e1scaras para todos los p\u00fablicos, po\u00e9tico, imaginativo y con muchas situaciones surrealistas que nos har\u00e1n re\u00edr y emocionar.<br \/>\n[\/vc_column_text][\/vc_column][\/vc_row][vc_row section_type=\u00bbfullwidth-element\u00bb][vc_column]<div class=\"grve-element grve-gallery grve-isotope grve-gallery-popup\" style=\"\" data-gutter=\"no\" data-type=\"3-columns\" data-layout=\"masonry\"><div class=\"grve-isotope-container\"><div class=\"grve-isotope-item \"><a href=\"https:\/\/duduarnalot.net\/wp-content\/uploads\/2026\/04\/dudu_forat-1.jpg\"><figure class=\"grve-image-hover grve-zoom-none\"><div class=\"grve-media grve-dark-overlay grve-opacity-0\"><img loading=\"lazy\" decoding=\"async\" width=\"300\" height=\"192\" src=\"https:\/\/duduarnalot.net\/wp-content\/uploads\/2026\/04\/dudu_forat-1-300x192.jpg\" class=\"attachment-medium size-medium\" alt=\"\" srcset=\"https:\/\/duduarnalot.net\/wp-content\/uploads\/2026\/04\/dudu_forat-1-300x192.jpg 300w, https:\/\/duduarnalot.net\/wp-content\/uploads\/2026\/04\/dudu_forat-1-768x491.jpg 768w, https:\/\/duduarnalot.net\/wp-content\/uploads\/2026\/04\/dudu_forat-1.jpg 978w\" sizes=\"auto, (max-width: 300px) 100vw, 300px\" \/><\/div><figcaption><\/figcaption><\/figure><\/a><\/div><div class=\"grve-isotope-item \"><a href=\"https:\/\/duduarnalot.net\/wp-content\/uploads\/2026\/04\/dudu_forat-4.jpg\"><figure class=\"grve-image-hover grve-zoom-none\"><div class=\"grve-media grve-dark-overlay grve-opacity-0\"><img loading=\"lazy\" decoding=\"async\" width=\"300\" height=\"192\" src=\"https:\/\/duduarnalot.net\/wp-content\/uploads\/2026\/04\/dudu_forat-4-300x192.jpg\" class=\"attachment-medium size-medium\" alt=\"\" srcset=\"https:\/\/duduarnalot.net\/wp-content\/uploads\/2026\/04\/dudu_forat-4-300x192.jpg 300w, https:\/\/duduarnalot.net\/wp-content\/uploads\/2026\/04\/dudu_forat-4-768x491.jpg 768w, https:\/\/duduarnalot.net\/wp-content\/uploads\/2026\/04\/dudu_forat-4.jpg 978w\" sizes=\"auto, (max-width: 300px) 100vw, 300px\" \/><\/div><figcaption><\/figcaption><\/figure><\/a><\/div><div class=\"grve-isotope-item \"><a href=\"https:\/\/duduarnalot.net\/wp-content\/uploads\/2026\/04\/dudu_forat-3.jpg\"><figure class=\"grve-image-hover grve-zoom-none\"><div class=\"grve-media grve-dark-overlay grve-opacity-0\"><img loading=\"lazy\" decoding=\"async\" width=\"300\" height=\"192\" src=\"https:\/\/duduarnalot.net\/wp-content\/uploads\/2026\/04\/dudu_forat-3-300x192.jpg\" class=\"attachment-medium size-medium\" alt=\"\" srcset=\"https:\/\/duduarnalot.net\/wp-content\/uploads\/2026\/04\/dudu_forat-3-300x192.jpg 300w, https:\/\/duduarnalot.net\/wp-content\/uploads\/2026\/04\/dudu_forat-3-768x491.jpg 768w, https:\/\/duduarnalot.net\/wp-content\/uploads\/2026\/04\/dudu_forat-3.jpg 978w\" sizes=\"auto, (max-width: 300px) 100vw, 300px\" \/><\/div><figcaption><\/figcaption><\/figure><\/a><\/div><div class=\"grve-isotope-item \"><a href=\"https:\/\/duduarnalot.net\/wp-content\/uploads\/2026\/04\/dudu_forat-5.jpg\"><figure class=\"grve-image-hover grve-zoom-none\"><div class=\"grve-media grve-dark-overlay grve-opacity-0\"><img loading=\"lazy\" decoding=\"async\" width=\"300\" height=\"192\" src=\"https:\/\/duduarnalot.net\/wp-content\/uploads\/2026\/04\/dudu_forat-5-300x192.jpg\" class=\"attachment-medium size-medium\" alt=\"\" srcset=\"https:\/\/duduarnalot.net\/wp-content\/uploads\/2026\/04\/dudu_forat-5-300x192.jpg 300w, https:\/\/duduarnalot.net\/wp-content\/uploads\/2026\/04\/dudu_forat-5-768x491.jpg 768w, https:\/\/duduarnalot.net\/wp-content\/uploads\/2026\/04\/dudu_forat-5.jpg 978w\" sizes=\"auto, (max-width: 300px) 100vw, 300px\" \/><\/div><figcaption><\/figcaption><\/figure><\/a><\/div><div class=\"grve-isotope-item \"><a href=\"https:\/\/duduarnalot.net\/wp-content\/uploads\/2026\/04\/dudu_forat-2.jpg\"><figure class=\"grve-image-hover grve-zoom-none\"><div class=\"grve-media grve-dark-overlay grve-opacity-0\"><img loading=\"lazy\" decoding=\"async\" width=\"300\" height=\"192\" src=\"https:\/\/duduarnalot.net\/wp-content\/uploads\/2026\/04\/dudu_forat-2-300x192.jpg\" class=\"attachment-medium size-medium\" alt=\"\" srcset=\"https:\/\/duduarnalot.net\/wp-content\/uploads\/2026\/04\/dudu_forat-2-300x192.jpg 300w, https:\/\/duduarnalot.net\/wp-content\/uploads\/2026\/04\/dudu_forat-2-768x491.jpg 768w, https:\/\/duduarnalot.net\/wp-content\/uploads\/2026\/04\/dudu_forat-2.jpg 978w\" sizes=\"auto, (max-width: 300px) 100vw, 300px\" \/><\/div><figcaption><\/figcaption><\/figure><\/a><\/div><div class=\"grve-isotope-item \"><a href=\"https:\/\/duduarnalot.net\/wp-content\/uploads\/2026\/04\/dudu_forat-6.jpg\"><figure class=\"grve-image-hover grve-zoom-none\"><div class=\"grve-media grve-dark-overlay grve-opacity-0\"><img loading=\"lazy\" decoding=\"async\" width=\"300\" height=\"192\" src=\"https:\/\/duduarnalot.net\/wp-content\/uploads\/2026\/04\/dudu_forat-6-300x192.jpg\" class=\"attachment-medium size-medium\" alt=\"\" srcset=\"https:\/\/duduarnalot.net\/wp-content\/uploads\/2026\/04\/dudu_forat-6-300x192.jpg 300w, https:\/\/duduarnalot.net\/wp-content\/uploads\/2026\/04\/dudu_forat-6-768x491.jpg 768w, https:\/\/duduarnalot.net\/wp-content\/uploads\/2026\/04\/dudu_forat-6.jpg 978w\" sizes=\"auto, (max-width: 300px) 100vw, 300px\" \/><\/div><figcaption><\/figcaption><\/figure><\/a><\/div><\/div><\/div>[\/vc_column][\/vc_row][vc_row][vc_column width=\u00bb1\/3&#8243;][vc_column_text text_style=\u00bbsubtitle\u00bb]<strong>Ficha art\u00edstica<\/strong><\/p>\n<ul>\n<li>Idea y creaci\u00f3n: Dudu Arnalot.<\/li>\n<li>Int\u00e9rpretes: Dudu Arnalot y Marc Mora Campon<\/li>\n<li>Mirada externa: Llu\u00eds Petit<\/li>\n<li>M\u00fasica y t\u00e9cnica: Marc Mora Campon<\/li>\n<li>Vestuario: Erika Perotti<\/li>\n<li>Escenograf\u00eda: Dudu Arnalot, Gemma Raurell y Guillem Geron\u00e8s, con ayuda de Romi<\/li>\n<li>Fotograf\u00eda: @lilinterna y Alex Griffin<\/li>\n<\/ul>\n<p>[\/vc_column_text][\/vc_column][vc_column width=\u00bb1\/3&#8243;][vc_column_text text_style=\u00bbsubtitle\u00bb]<strong>Caracter\u00edsticas:<\/strong><\/p>\n<ul>\n<li>Idioma: gestual.<\/li>\n<li>Duraci\u00f3n: 40 minutos.<\/li>\n<li>G\u00e9nero: clown y mimo.<\/li>\n<li>P\u00fablico: todos.<\/li>\n<li>Formato: espect\u00e1culo.<\/li>\n<\/ul>\n<p>[\/vc_column_text][\/vc_column][vc_column width=\u00bb1\/3&#8243;][vc_column_text text_style=\u00bbsubtitle\u00bb]<strong>Descargas:<\/strong><\/p>\n<ul>\n<li><a href=\"https:\/\/duduarnalot.net\/wp-content\/uploads\/2025\/02\/Dossier-FORAT-de-Dudu-Arnalot-CAT_compressed-1.pdf\" target=\"_blank\" rel=\"noopener\">Dossier fOrat<\/a><\/li>\n<li><a href=\"https:\/\/duduarnalot.net\/wp-content\/uploads\/2025\/02\/Fitxa-tecnica-FORAT-Dudu-Arnalot.pdf\" target=\"_blank\" rel=\"noopener\">Fitxa T\u00e8cnica fOrat<\/a><\/li>\n<\/ul>\n<p>[\/vc_column_text][\/vc_column][\/vc_row][vc_row section_type=\u00bbfullwidth-element\u00bb footer_feature=\u00bbyes\u00bb][vc_column]<div class=\"grve-element grve-video\" style=\"\"><iframe loading=\"lazy\" title=\"fOrat\" width=\"1080\" height=\"608\" src=\"https:\/\/www.youtube.com\/embed\/cdgrb61kFnY?feature=oembed\" frameborder=\"0\" allow=\"accelerometer; autoplay; clipboard-write; encrypted-media; gyroscope; picture-in-picture; web-share\" referrerpolicy=\"strict-origin-when-cross-origin\" allowfullscreen><\/iframe><\/div>[\/vc_column][\/vc_row]<\/p>\n<\/section>","protected":false},"excerpt":{"rendered":"<p>[vc_row][vc_column][vc_column_text text_style=\u00bbsubtitle\u00bb] Si en el bolsillo de un pantal\u00f3n pones una piedra, si vuelves a poner la mano al cabo de un tiempo, encontrar\u00e1s una piedra. Pero un bolsillo con un agujero\u2026 \u00a1esto ya es otra cosa! Un espect\u00e1culo de clown gestual con teatro con m\u00e1scaras para todos los p\u00fablicos, po\u00e9tico, imaginativo y con muchas [&hellip;]<\/p>\n","protected":false},"author":1,"featured_media":0,"parent":0,"menu_order":0,"comment_status":"closed","ping_status":"closed","template":"","meta":{"footnotes":""},"class_list":["post-5790","page","type-page","status-publish","hentry"],"yoast_head":"<!-- This site is optimized with the Yoast SEO plugin v27.2 - https:\/\/yoast.com\/product\/yoast-seo-wordpress\/ -->\n<title>FORAT - Dudu Arnalot<\/title>\n<meta name=\"robots\" content=\"index, follow, max-snippet:-1, max-image-preview:large, max-video-preview:-1\" \/>\n<link rel=\"canonical\" href=\"https:\/\/duduarnalot.net\/es\/forat\/\" \/>\n<meta property=\"og:locale\" content=\"es_ES\" \/>\n<meta property=\"og:type\" content=\"article\" \/>\n<meta property=\"og:title\" content=\"FORAT - Dudu Arnalot\" \/>\n<meta property=\"og:description\" content=\"[vc_row][vc_column][vc_column_text text_style=\u00bbsubtitle\u00bb] Si en el bolsillo de un pantal\u00f3n pones una piedra, si vuelves a poner la mano al cabo de un tiempo, encontrar\u00e1s una piedra. Pero un bolsillo con un agujero\u2026 \u00a1esto ya es otra cosa! Un espect\u00e1culo de clown gestual con teatro con m\u00e1scaras para todos los p\u00fablicos, po\u00e9tico, imaginativo y con muchas [&hellip;]\" \/>\n<meta property=\"og:url\" content=\"https:\/\/duduarnalot.net\/es\/forat\/\" \/>\n<meta property=\"og:site_name\" content=\"Dudu Arnalot\" \/>\n<meta property=\"article:modified_time\" content=\"2026-04-07T09:22:09+00:00\" \/>\n<meta name=\"twitter:card\" content=\"summary_large_image\" \/>\n<meta name=\"twitter:label1\" content=\"Tiempo de lectura\" \/>\n\t<meta name=\"twitter:data1\" content=\"3 minutos\" \/>\n<script type=\"application\/ld+json\" class=\"yoast-schema-graph\">{\"@context\":\"https:\/\/schema.org\",\"@graph\":[{\"@type\":\"WebPage\",\"@id\":\"https:\/\/duduarnalot.net\/es\/forat\/\",\"url\":\"https:\/\/duduarnalot.net\/es\/forat\/\",\"name\":\"FORAT - Dudu Arnalot\",\"isPartOf\":{\"@id\":\"https:\/\/duduarnalot.net\/es\/#website\"},\"datePublished\":\"2025-02-25T18:58:07+00:00\",\"dateModified\":\"2026-04-07T09:22:09+00:00\",\"breadcrumb\":{\"@id\":\"https:\/\/duduarnalot.net\/es\/forat\/#breadcrumb\"},\"inLanguage\":\"es\",\"potentialAction\":[{\"@type\":\"ReadAction\",\"target\":[\"https:\/\/duduarnalot.net\/es\/forat\/\"]}]},{\"@type\":\"BreadcrumbList\",\"@id\":\"https:\/\/duduarnalot.net\/es\/forat\/#breadcrumb\",\"itemListElement\":[{\"@type\":\"ListItem\",\"position\":1,\"name\":\"Inici\",\"item\":\"https:\/\/duduarnalot.net\/es\/\"},{\"@type\":\"ListItem\",\"position\":2,\"name\":\"FORAT\"}]},{\"@type\":\"WebSite\",\"@id\":\"https:\/\/duduarnalot.net\/es\/#website\",\"url\":\"https:\/\/duduarnalot.net\/es\/\",\"name\":\"Dudu Arnalot\",\"description\":\"Clown gestual\",\"publisher\":{\"@id\":\"https:\/\/duduarnalot.net\/es\/#organization\"},\"potentialAction\":[{\"@type\":\"SearchAction\",\"target\":{\"@type\":\"EntryPoint\",\"urlTemplate\":\"https:\/\/duduarnalot.net\/es\/?s={search_term_string}\"},\"query-input\":{\"@type\":\"PropertyValueSpecification\",\"valueRequired\":true,\"valueName\":\"search_term_string\"}}],\"inLanguage\":\"es\"},{\"@type\":\"Organization\",\"@id\":\"https:\/\/duduarnalot.net\/es\/#organization\",\"name\":\"Dudu Arnalot\",\"url\":\"https:\/\/duduarnalot.net\/es\/\",\"logo\":{\"@type\":\"ImageObject\",\"inLanguage\":\"es\",\"@id\":\"https:\/\/duduarnalot.net\/es\/#\/schema\/logo\/image\/\",\"url\":\"https:\/\/duduarnalot.net\/wp-content\/uploads\/2019\/12\/logo_DUDU_bo@2x.png\",\"contentUrl\":\"https:\/\/duduarnalot.net\/wp-content\/uploads\/2019\/12\/logo_DUDU_bo@2x.png\",\"width\":339,\"height\":80,\"caption\":\"Dudu Arnalot\"},\"image\":{\"@id\":\"https:\/\/duduarnalot.net\/es\/#\/schema\/logo\/image\/\"}}]}<\/script>\n<!-- \/ Yoast SEO plugin. -->","yoast_head_json":{"title":"FORAT - Dudu Arnalot","robots":{"index":"index","follow":"follow","max-snippet":"max-snippet:-1","max-image-preview":"max-image-preview:large","max-video-preview":"max-video-preview:-1"},"canonical":"https:\/\/duduarnalot.net\/es\/forat\/","og_locale":"es_ES","og_type":"article","og_title":"FORAT - Dudu Arnalot","og_description":"[vc_row][vc_column][vc_column_text text_style=\u00bbsubtitle\u00bb] Si en el bolsillo de un pantal\u00f3n pones una piedra, si vuelves a poner la mano al cabo de un tiempo, encontrar\u00e1s una piedra. Pero un bolsillo con un agujero\u2026 \u00a1esto ya es otra cosa! Un espect\u00e1culo de clown gestual con teatro con m\u00e1scaras para todos los p\u00fablicos, po\u00e9tico, imaginativo y con muchas [&hellip;]","og_url":"https:\/\/duduarnalot.net\/es\/forat\/","og_site_name":"Dudu Arnalot","article_modified_time":"2026-04-07T09:22:09+00:00","twitter_card":"summary_large_image","twitter_misc":{"Tiempo de lectura":"3 minutos"},"schema":{"@context":"https:\/\/schema.org","@graph":[{"@type":"WebPage","@id":"https:\/\/duduarnalot.net\/es\/forat\/","url":"https:\/\/duduarnalot.net\/es\/forat\/","name":"FORAT - Dudu Arnalot","isPartOf":{"@id":"https:\/\/duduarnalot.net\/es\/#website"},"datePublished":"2025-02-25T18:58:07+00:00","dateModified":"2026-04-07T09:22:09+00:00","breadcrumb":{"@id":"https:\/\/duduarnalot.net\/es\/forat\/#breadcrumb"},"inLanguage":"es","potentialAction":[{"@type":"ReadAction","target":["https:\/\/duduarnalot.net\/es\/forat\/"]}]},{"@type":"BreadcrumbList","@id":"https:\/\/duduarnalot.net\/es\/forat\/#breadcrumb","itemListElement":[{"@type":"ListItem","position":1,"name":"Inici","item":"https:\/\/duduarnalot.net\/es\/"},{"@type":"ListItem","position":2,"name":"FORAT"}]},{"@type":"WebSite","@id":"https:\/\/duduarnalot.net\/es\/#website","url":"https:\/\/duduarnalot.net\/es\/","name":"Dudu Arnalot","description":"Clown gestual","publisher":{"@id":"https:\/\/duduarnalot.net\/es\/#organization"},"potentialAction":[{"@type":"SearchAction","target":{"@type":"EntryPoint","urlTemplate":"https:\/\/duduarnalot.net\/es\/?s={search_term_string}"},"query-input":{"@type":"PropertyValueSpecification","valueRequired":true,"valueName":"search_term_string"}}],"inLanguage":"es"},{"@type":"Organization","@id":"https:\/\/duduarnalot.net\/es\/#organization","name":"Dudu Arnalot","url":"https:\/\/duduarnalot.net\/es\/","logo":{"@type":"ImageObject","inLanguage":"es","@id":"https:\/\/duduarnalot.net\/es\/#\/schema\/logo\/image\/","url":"https:\/\/duduarnalot.net\/wp-content\/uploads\/2019\/12\/logo_DUDU_bo@2x.png","contentUrl":"https:\/\/duduarnalot.net\/wp-content\/uploads\/2019\/12\/logo_DUDU_bo@2x.png","width":339,"height":80,"caption":"Dudu Arnalot"},"image":{"@id":"https:\/\/duduarnalot.net\/es\/#\/schema\/logo\/image\/"}}]}},"_links":{"self":[{"href":"https:\/\/duduarnalot.net\/es\/wp-json\/wp\/v2\/pages\/5790","targetHints":{"allow":["GET"]}}],"collection":[{"href":"https:\/\/duduarnalot.net\/es\/wp-json\/wp\/v2\/pages"}],"about":[{"href":"https:\/\/duduarnalot.net\/es\/wp-json\/wp\/v2\/types\/page"}],"author":[{"embeddable":true,"href":"https:\/\/duduarnalot.net\/es\/wp-json\/wp\/v2\/users\/1"}],"replies":[{"embeddable":true,"href":"https:\/\/duduarnalot.net\/es\/wp-json\/wp\/v2\/comments?post=5790"}],"version-history":[{"count":9,"href":"https:\/\/duduarnalot.net\/es\/wp-json\/wp\/v2\/pages\/5790\/revisions"}],"predecessor-version":[{"id":6010,"href":"https:\/\/duduarnalot.net\/es\/wp-json\/wp\/v2\/pages\/5790\/revisions\/6010"}],"wp:attachment":[{"href":"https:\/\/duduarnalot.net\/es\/wp-json\/wp\/v2\/media?parent=5790"}],"curies":[{"name":"wp","href":"https:\/\/api.w.org\/{rel}","templated":true}]}}